{"id":4285,"date":"2023-09-27T17:12:07","date_gmt":"2023-09-27T17:12:07","guid":{"rendered":"https:\/\/limpiezascorzon.es\/?page_id=4285"},"modified":"2025-01-20T17:43:01","modified_gmt":"2025-01-20T17:43:01","slug":"servicios","status":"publish","type":"page","link":"https:\/\/limpiezascorzon.es\/gl\/servicios\/","title":{"rendered":"Servizos"},"content":{"rendered":"<div data-elementor-type=\"wp-page\" data-elementor-id=\"4285\" class=\"elementor elementor-4285\">\n\t\t\t\t\t\t<section class=\"elementor-section elementor-top-section elementor-element elementor-element-6c1950a elementor-section-full_width elementor-section-height-min-height elementor-section-height-default elementor-section-items-middle\" data-id=\"6c1950a\" data-element_type=\"section\" data-e-type=\"section\" data-settings=\"{&quot;background_background&quot;:&quot;video&quot;,&quot;background_video_link&quot;:&quot;https:\\\/\\\/storage.googleapis.com\\\/cajon_de_sastre_publico\\\/video_web_limpiezascorzon.mp4&quot;,&quot;background_play_on_mobile&quot;:&quot;yes&quot;}\">\n\t\t\t\t\t\t\t\t<div class=\"elementor-background-video-container\">\n\t\t\t\t\t\t\t\t\t\t\t\t\t<video class=\"elementor-background-video-hosted\" role=\"presentation\" autoplay muted playsinline loop><\/video>\n\t\t\t\t\t\t\t\t\t\t\t<\/div>\n\t\t\t\t\t\t\t\t\t<div class=\"elementor-background-overlay\"><\/div>\n\t\t\t\t\t\t\t<div class=\"elementor-container elementor-column-gap-default\">\n\t\t\t\t\t<div class=\"elementor-column elementor-col-100 elementor-top-column elementor-element elementor-element-0322c6f\" data-id=\"0322c6f\" data-element_type=\"column\" data-e-type=\"column\">\n\t\t\t<div class=\"elementor-widget-wrap elementor-element-populated\">\n\t\t\t\t\t\t<section class=\"elementor-section elementor-inner-section elementor-element elementor-element-f39fc33 elementor-section-boxed elementor-section-height-default elementor-section-height-default\" data-id=\"f39fc33\" data-element_type=\"section\" data-e-type=\"section\">\n\t\t\t\t\t\t<div class=\"elementor-container elementor-column-gap-default\">\n\t\t\t\t\t<div class=\"elementor-column elementor-col-100 elementor-inner-column elementor-element elementor-element-c6cf386\" data-id=\"c6cf386\" data-element_type=\"column\" data-e-type=\"column\">\n\t\t\t<div class=\"elementor-widget-wrap elementor-element-populated\">\n\t\t\t\t\t\t<div class=\"elementor-element elementor-element-41fb52e elementor-widget__width-initial elementor-widget elementor-widget-heading\" data-id=\"41fb52e\" data-element_type=\"widget\" data-e-type=\"widget\" data-widget_type=\"heading.default\">\n\t\t\t\t<div class=\"elementor-widget-container\">\n\t\t\t\t\t<h1 class=\"elementor-heading-title elementor-size-default\">Servizos<\/h1>\t\t\t\t<\/div>\n\t\t\t\t<\/div>\n\t\t\t\t\t<\/div>\n\t\t<\/div>\n\t\t\t\t\t<\/div>\n\t\t<\/section>\n\t\t\t\t\t<\/div>\n\t\t<\/div>\n\t\t\t\t\t<\/div>\n\t\t<\/section>\n\t\t\t\t<section class=\"elementor-section elementor-top-section elementor-element elementor-element-e38b98e elementor-section-boxed elementor-section-height-default elementor-section-height-default\" data-id=\"e38b98e\" data-element_type=\"section\" data-e-type=\"section\" data-settings=\"{&quot;background_background&quot;:&quot;classic&quot;}\">\n\t\t\t\t\t\t<div class=\"elementor-container elementor-column-gap-default\">\n\t\t\t\t\t<div class=\"elementor-column elementor-col-100 elementor-top-column elementor-element elementor-element-5908ca9\" data-id=\"5908ca9\" data-element_type=\"column\" data-e-type=\"column\">\n\t\t\t<div class=\"elementor-widget-wrap elementor-element-populated\">\n\t\t\t\t\t\t<div class=\"elementor-element elementor-element-9b38e9e elementor-widget elementor-widget-heading\" data-id=\"9b38e9e\" data-element_type=\"widget\" data-e-type=\"widget\" data-widget_type=\"heading.default\">\n\t\t\t\t<div class=\"elementor-widget-container\">\n\t\t\t\t\t<h2 class=\"elementor-heading-title elementor-size-default\">+20 anos de experiencia no sector<\/h2>\t\t\t\t<\/div>\n\t\t\t\t<\/div>\n\t\t\t\t\t<\/div>\n\t\t<\/div>\n\t\t\t\t\t<\/div>\n\t\t<\/section>\n\t\t\t\t<section class=\"elementor-section elementor-top-section elementor-element elementor-element-c7268fa elementor-section-boxed elementor-section-height-default elementor-section-height-default\" data-id=\"c7268fa\" data-element_type=\"section\" data-e-type=\"section\" data-settings=\"{&quot;background_background&quot;:&quot;classic&quot;}\">\n\t\t\t\t\t\t<div class=\"elementor-container elementor-column-gap-default\">\n\t\t\t\t\t<div class=\"elementor-column elementor-col-100 elementor-top-column elementor-element elementor-element-6c9f764\" data-id=\"6c9f764\" data-element_type=\"column\" data-e-type=\"column\">\n\t\t\t<div class=\"elementor-widget-wrap elementor-element-populated\">\n\t\t\t\t\t\t<div class=\"elementor-element elementor-element-6121057 elementor-widget elementor-widget-heading\" data-id=\"6121057\" data-element_type=\"widget\" data-e-type=\"widget\" data-widget_type=\"heading.default\">\n\t\t\t\t<div class=\"elementor-widget-container\">\n\t\t\t\t\t<h2 class=\"elementor-heading-title elementor-size-default\">Por que ESCOLLERNOS?<\/h2>\t\t\t\t<\/div>\n\t\t\t\t<\/div>\n\t\t\t\t<section class=\"elementor-section elementor-inner-section elementor-element elementor-element-d41adff elementor-section-content-middle elementor-section-boxed elementor-section-height-default elementor-section-height-default\" data-id=\"d41adff\" data-element_type=\"section\" data-e-type=\"section\">\n\t\t\t\t\t\t<div class=\"elementor-container elementor-column-gap-default\">\n\t\t\t\t\t<div class=\"elementor-column elementor-col-100 elementor-inner-column elementor-element elementor-element-25cb7b5\" data-id=\"25cb7b5\" data-element_type=\"column\" data-e-type=\"column\" data-settings=\"{&quot;background_background&quot;:&quot;classic&quot;}\">\n\t\t\t<div class=\"elementor-widget-wrap elementor-element-populated\">\n\t\t\t\t\t\t<div class=\"elementor-element elementor-element-42d0a36 elementor-widget elementor-widget-spacer\" data-id=\"42d0a36\" data-element_type=\"widget\" data-e-type=\"widget\" data-widget_type=\"spacer.default\">\n\t\t\t\t<div class=\"elementor-widget-container\">\n\t\t\t\t\t\t\t<div class=\"elementor-spacer\">\n\t\t\t<div class=\"elementor-spacer-inner\"><\/div>\n\t\t<\/div>\n\t\t\t\t\t\t<\/div>\n\t\t\t\t<\/div>\n\t\t\t\t<div class=\"elementor-element elementor-element-77172c2 elementor-widget elementor-widget-icon-box\" data-id=\"77172c2\" data-element_type=\"widget\" data-e-type=\"widget\" data-widget_type=\"icon-box.default\">\n\t\t\t\t<div class=\"elementor-widget-container\">\n\t\t\t\t\t\t\t<div class=\"elementor-icon-box-wrapper\">\n\n\t\t\t\n\t\t\t\t\t\t<div class=\"elementor-icon-box-content\">\n\n\t\t\t\t\n\t\t\t\t\t\t\t\t\t<p class=\"elementor-icon-box-description\">\n\t\t\t\t\t\t<b>Limpiezas Corz\u00f3n<\/b> Somos os coidadores dos teus espazos de vida e traballo, <b>Con m\u00e1is de 20 anos de experiencia<\/b> no sector. Somos especialistas en limpeza de comunidades, negocios, vivendas e garaxes, realizamos calquera tipo de traballo, ofrecendo aos nosos clientes confianza e satisfacci\u00f3n.\t\t\t\t\t<\/p>\n\t\t\t\t\n\t\t\t<\/div>\n\t\t\t\n\t\t<\/div>\n\t\t\t\t\t\t<\/div>\n\t\t\t\t<\/div>\n\t\t\t\t\t<\/div>\n\t\t<\/div>\n\t\t\t\t\t<\/div>\n\t\t<\/section>\n\t\t\t\t\t<\/div>\n\t\t<\/div>\n\t\t\t\t\t<\/div>\n\t\t<\/section>\n\t\t\t\t<section class=\"elementor-section elementor-top-section elementor-element elementor-element-d56b039 elementor-section-boxed elementor-section-height-default elementor-section-height-default\" data-id=\"d56b039\" data-element_type=\"section\" data-e-type=\"section\">\n\t\t\t\t\t\t<div class=\"elementor-container elementor-column-gap-default\">\n\t\t\t\t\t<div class=\"elementor-column elementor-col-50 elementor-top-column elementor-element elementor-element-5d04876\" data-id=\"5d04876\" data-element_type=\"column\" data-e-type=\"column\">\n\t\t\t<div class=\"elementor-widget-wrap elementor-element-populated\">\n\t\t\t\t\t\t<div class=\"elementor-element elementor-element-ce02d08 elementor-view-default elementor-position-block-start elementor-mobile-position-block-start elementor-widget elementor-widget-icon-box\" data-id=\"ce02d08\" data-element_type=\"widget\" data-e-type=\"widget\" data-widget_type=\"icon-box.default\">\n\t\t\t\t<div class=\"elementor-widget-container\">\n\t\t\t\t\t\t\t<div class=\"elementor-icon-box-wrapper\">\n\n\t\t\t\t\t\t<div class=\"elementor-icon-box-icon\">\n\t\t\t\t<span  class=\"elementor-icon\">\n\t\t\t\t<i aria-hidden=\"true\" class=\"far fa-eye\"><\/i>\t\t\t\t<\/span>\n\t\t\t<\/div>\n\t\t\t\n\t\t\t\t\t\t<div class=\"elementor-icon-box-content\">\n\n\t\t\t\t\t\t\t\t\t<h3 class=\"elementor-icon-box-title\">\n\t\t\t\t\t\t<span  >\n\t\t\t\t\t\t\tAsesoramento\t\t\t\t\t\t<\/span>\n\t\t\t\t\t<\/h3>\n\t\t\t\t\n\t\t\t\t\n\t\t\t<\/div>\n\t\t\t\n\t\t<\/div>\n\t\t\t\t\t\t<\/div>\n\t\t\t\t<\/div>\n\t\t\t\t<div class=\"elementor-element elementor-element-e73774e elementor-widget elementor-widget-text-editor\" data-id=\"e73774e\" data-element_type=\"widget\" data-e-type=\"widget\" data-widget_type=\"text-editor.default\">\n\t\t\t\t<div class=\"elementor-widget-container\">\n\t\t\t\t\t\t\t\t\t<p>Po\u00f1emos \u00e1 t\u00faa disposici\u00f3n a nosa experiencia, que che axudar\u00e1 a xestionar a t\u00faa elecci\u00f3n e seleccionar a opci\u00f3n que m\u00e1is se adapte a ti.<\/p>\t\t\t\t\t\t\t\t<\/div>\n\t\t\t\t<\/div>\n\t\t\t\t\t<\/div>\n\t\t<\/div>\n\t\t\t\t<div class=\"elementor-column elementor-col-50 elementor-top-column elementor-element elementor-element-8478d55\" data-id=\"8478d55\" data-element_type=\"column\" data-e-type=\"column\">\n\t\t\t<div class=\"elementor-widget-wrap elementor-element-populated\">\n\t\t\t\t\t\t<div class=\"elementor-element elementor-element-387488b elementor-view-default elementor-position-block-start elementor-mobile-position-block-start elementor-widget elementor-widget-icon-box\" data-id=\"387488b\" data-element_type=\"widget\" data-e-type=\"widget\" data-widget_type=\"icon-box.default\">\n\t\t\t\t<div class=\"elementor-widget-container\">\n\t\t\t\t\t\t\t<div class=\"elementor-icon-box-wrapper\">\n\n\t\t\t\t\t\t<div class=\"elementor-icon-box-icon\">\n\t\t\t\t<span  class=\"elementor-icon\">\n\t\t\t\t<i aria-hidden=\"true\" class=\"fas fa-check\"><\/i>\t\t\t\t<\/span>\n\t\t\t<\/div>\n\t\t\t\n\t\t\t\t\t\t<div class=\"elementor-icon-box-content\">\n\n\t\t\t\t\t\t\t\t\t<h3 class=\"elementor-icon-box-title\">\n\t\t\t\t\t\t<span  >\n\t\t\t\t\t\t\tResultado\t\t\t\t\t\t<\/span>\n\t\t\t\t\t<\/h3>\n\t\t\t\t\n\t\t\t\t\n\t\t\t<\/div>\n\t\t\t\n\t\t<\/div>\n\t\t\t\t\t\t<\/div>\n\t\t\t\t<\/div>\n\t\t\t\t<div class=\"elementor-element elementor-element-d4a1d6d elementor-widget elementor-widget-text-editor\" data-id=\"d4a1d6d\" data-element_type=\"widget\" data-e-type=\"widget\" data-widget_type=\"text-editor.default\">\n\t\t\t\t<div class=\"elementor-widget-container\">\n\t\t\t\t\t\t\t\t\t<p>Somos expertos en limpeza, por iso aseguramos un resultado impecable no noso traballo, as\u00ed como a m\u00e1xima excelencia no noso traballo, o m\u00e1is importante para n\u00f3s es ti.<\/p>\t\t\t\t\t\t\t\t<\/div>\n\t\t\t\t<\/div>\n\t\t\t\t\t<\/div>\n\t\t<\/div>\n\t\t\t\t\t<\/div>\n\t\t<\/section>\n\t\t\t\t<section class=\"elementor-section elementor-top-section elementor-element elementor-element-d209f16 elementor-section-boxed elementor-section-height-default elementor-section-height-default\" data-id=\"d209f16\" data-element_type=\"section\" data-e-type=\"section\" data-settings=\"{&quot;background_background&quot;:&quot;classic&quot;}\">\n\t\t\t\t\t\t<div class=\"elementor-container elementor-column-gap-default\">\n\t\t\t\t\t<div class=\"elementor-column elementor-col-100 elementor-top-column elementor-element elementor-element-d43d16e\" data-id=\"d43d16e\" data-element_type=\"column\" data-e-type=\"column\" data-settings=\"{&quot;background_background&quot;:&quot;classic&quot;}\">\n\t\t\t<div class=\"elementor-widget-wrap elementor-element-populated\">\n\t\t\t\t\t\t<div class=\"elementor-element elementor-element-b527952 elementor-widget elementor-widget-spacer\" data-id=\"b527952\" data-element_type=\"widget\" data-e-type=\"widget\" data-widget_type=\"spacer.default\">\n\t\t\t\t<div class=\"elementor-widget-container\">\n\t\t\t\t\t\t\t<div class=\"elementor-spacer\">\n\t\t\t<div class=\"elementor-spacer-inner\"><\/div>\n\t\t<\/div>\n\t\t\t\t\t\t<\/div>\n\t\t\t\t<\/div>\n\t\t\t\t<div class=\"elementor-element elementor-element-9bf5dbf elementor-view-default elementor-position-block-start elementor-mobile-position-block-start elementor-widget elementor-widget-icon-box\" data-id=\"9bf5dbf\" data-element_type=\"widget\" data-e-type=\"widget\" data-widget_type=\"icon-box.default\">\n\t\t\t\t<div class=\"elementor-widget-container\">\n\t\t\t\t\t\t\t<div class=\"elementor-icon-box-wrapper\">\n\n\t\t\t\t\t\t<div class=\"elementor-icon-box-icon\">\n\t\t\t\t<a href=\"https:\/\/limpiezascorzon.es\/gl\/taller\/\" class=\"elementor-icon\" tabindex=\"-1\" aria-label=\"Comodidade para o cliente\">\n\t\t\t\t<i aria-hidden=\"true\" class=\"far fa-hand-peace\"><\/i>\t\t\t\t<\/a>\n\t\t\t<\/div>\n\t\t\t\n\t\t\t\t\t\t<div class=\"elementor-icon-box-content\">\n\n\t\t\t\t\t\t\t\t\t<h3 class=\"elementor-icon-box-title\">\n\t\t\t\t\t\t<a href=\"https:\/\/limpiezascorzon.es\/gl\/taller\/\" >\n\t\t\t\t\t\t\tComodidade para o cliente\t\t\t\t\t\t<\/a>\n\t\t\t\t\t<\/h3>\n\t\t\t\t\n\t\t\t\t\n\t\t\t<\/div>\n\t\t\t\n\t\t<\/div>\n\t\t\t\t\t\t<\/div>\n\t\t\t\t<\/div>\n\t\t\t\t<div class=\"elementor-element elementor-element-da4d8c6 elementor-widget elementor-widget-text-editor\" data-id=\"da4d8c6\" data-element_type=\"widget\" data-e-type=\"widget\" data-widget_type=\"text-editor.default\">\n\t\t\t\t<div class=\"elementor-widget-container\">\n\t\t\t\t\t\t\t\t\t<p>Adem\u00e1is, sempre tratamos de ofrecer as <strong>m\u00e1xima comodidade<\/strong> posible para os nosos clientes.<\/p><p>Polo que se buscas un<strong> servizo de limpeza de confianza<\/strong>, somos o equipo que necesitas.<\/p>\t\t\t\t\t\t\t\t<\/div>\n\t\t\t\t<\/div>\n\t\t\t\t\t<\/div>\n\t\t<\/div>\n\t\t\t\t\t<\/div>\n\t\t<\/section>\n\t\t\t\t<\/div>","protected":false},"excerpt":{"rendered":"<p>Servicios +20 a\u00f1os de experiencia en el sector \u00bfPor qu\u00e9 ESCOGERNOS? Limpiezas Corz\u00f3n somos los cuidadores de tus espacios de vida y trabajo, con m\u00e1s de 20 a\u00f1os de experiencia en el sector. Somos especialistas en limpiezas de comunidades, negocios, hogares y garajes, realizamos cualquier tipo de trabajo, ofreciendo a nuestros clientes confianza y satisfacci\u00f3n.&hellip;&nbsp;<a href=\"https:\/\/limpiezascorzon.es\/gl\/servicios\/\" rel=\"bookmark\">Read More &raquo;<span class=\"screen-reader-text\">Servizos<\/span><\/a><\/p>","protected":false},"author":1,"featured_media":4808,"parent":0,"menu_order":0,"comment_status":"closed","ping_status":"closed","template":"page-templates\/template-pagebuilder-full-width.php","meta":{"neve_meta_sidebar":"","neve_meta_container":"","neve_meta_enable_content_width":"","neve_meta_content_width":0,"neve_meta_title_alignment":"","neve_meta_author_avatar":"","neve_post_elements_order":"","neve_meta_disable_header":"off","neve_meta_disable_footer":"","neve_meta_disable_title":"on","neve_meta_reading_time":"","_ti_tpc_template_sync":false,"_ti_tpc_template_id":"moclpv4ujhpcykxxihld","footnotes":""},"class_list":["post-4285","page","type-page","status-publish","has-post-thumbnail","hentry"],"yoast_head":"<!-- This site is optimized with the Yoast SEO plugin v27.4 - https:\/\/yoast.com\/product\/yoast-seo-wordpress\/ -->\n<title>Servicios - Limpiezas Corz\u00f3n<\/title>\n<meta name=\"description\" content=\"Somos la soluci\u00f3n a tus problemas, limpiamos tu casa, comunidad, negocio, garajes, te ayudamos en cualquier cosa que necesites.\" \/>\n<meta name=\"robots\" content=\"index, follow, max-snippet:-1, max-image-preview:large, max-video-preview:-1\" \/>\n<link rel=\"canonical\" href=\"https:\/\/limpiezascorzon.es\/gl\/servicios\/\" \/>\n<meta property=\"og:locale\" content=\"gl_ES\" \/>\n<meta property=\"og:type\" content=\"article\" \/>\n<meta property=\"og:title\" content=\"Servicios - Limpiezas Corz\u00f3n\" \/>\n<meta property=\"og:description\" content=\"Somos la soluci\u00f3n a tus problemas, limpiamos tu casa, comunidad, negocio, garajes, te ayudamos en cualquier cosa que necesites.\" \/>\n<meta property=\"og:url\" content=\"https:\/\/limpiezascorzon.es\/gl\/servicios\/\" \/>\n<meta property=\"og:site_name\" content=\"Limpiezas Corz\u00f3n\" \/>\n<meta property=\"article:modified_time\" content=\"2025-01-20T17:43:01+00:00\" \/>\n<meta property=\"og:image\" content=\"https:\/\/limpiezascorzon.es\/wp-content\/uploads\/2024\/12\/logo_1.png\" \/>\n\t<meta property=\"og:image:width\" content=\"287\" \/>\n\t<meta property=\"og:image:height\" content=\"182\" \/>\n\t<meta property=\"og:image:type\" content=\"image\/png\" \/>\n<meta name=\"twitter:card\" content=\"summary_large_image\" \/>\n<meta name=\"twitter:label1\" content=\"Tempo de lectura\" \/>\n\t<meta name=\"twitter:data1\" content=\"1 minuto\" \/>\n<script type=\"application\/ld+json\" class=\"yoast-schema-graph\">{\"@context\":\"https:\\\/\\\/schema.org\",\"@graph\":[{\"@type\":\"WebPage\",\"@id\":\"https:\\\/\\\/limpiezascorzon.es\\\/servicios\\\/\",\"url\":\"https:\\\/\\\/limpiezascorzon.es\\\/servicios\\\/\",\"name\":\"Servicios - Limpiezas Corz\u00f3n\",\"isPartOf\":{\"@id\":\"https:\\\/\\\/limpiezascorzon.es\\\/#website\"},\"primaryImageOfPage\":{\"@id\":\"https:\\\/\\\/limpiezascorzon.es\\\/servicios\\\/#primaryimage\"},\"image\":{\"@id\":\"https:\\\/\\\/limpiezascorzon.es\\\/servicios\\\/#primaryimage\"},\"thumbnailUrl\":\"https:\\\/\\\/limpiezascorzon.es\\\/wp-content\\\/uploads\\\/2024\\\/12\\\/logo_1.png\",\"datePublished\":\"2023-09-27T17:12:07+00:00\",\"dateModified\":\"2025-01-20T17:43:01+00:00\",\"description\":\"Somos la soluci\u00f3n a tus problemas, limpiamos tu casa, comunidad, negocio, garajes, te ayudamos en cualquier cosa que necesites.\",\"breadcrumb\":{\"@id\":\"https:\\\/\\\/limpiezascorzon.es\\\/servicios\\\/#breadcrumb\"},\"inLanguage\":\"gl-ES\",\"potentialAction\":[{\"@type\":\"ReadAction\",\"target\":[\"https:\\\/\\\/limpiezascorzon.es\\\/servicios\\\/\"]}]},{\"@type\":\"ImageObject\",\"inLanguage\":\"gl-ES\",\"@id\":\"https:\\\/\\\/limpiezascorzon.es\\\/servicios\\\/#primaryimage\",\"url\":\"https:\\\/\\\/limpiezascorzon.es\\\/wp-content\\\/uploads\\\/2024\\\/12\\\/logo_1.png\",\"contentUrl\":\"https:\\\/\\\/limpiezascorzon.es\\\/wp-content\\\/uploads\\\/2024\\\/12\\\/logo_1.png\",\"width\":287,\"height\":182},{\"@type\":\"BreadcrumbList\",\"@id\":\"https:\\\/\\\/limpiezascorzon.es\\\/servicios\\\/#breadcrumb\",\"itemListElement\":[{\"@type\":\"ListItem\",\"position\":1,\"name\":\"Portada\",\"item\":\"https:\\\/\\\/limpiezascorzon.es\\\/\"},{\"@type\":\"ListItem\",\"position\":2,\"name\":\"Servicios\"}]},{\"@type\":\"WebSite\",\"@id\":\"https:\\\/\\\/limpiezascorzon.es\\\/#website\",\"url\":\"https:\\\/\\\/limpiezascorzon.es\\\/\",\"name\":\"Limpiezas Corz\u00f3n\",\"description\":\"Limpiezas Corz\u00f3n\",\"potentialAction\":[{\"@type\":\"SearchAction\",\"target\":{\"@type\":\"EntryPoint\",\"urlTemplate\":\"https:\\\/\\\/limpiezascorzon.es\\\/?s={search_term_string}\"},\"query-input\":{\"@type\":\"PropertyValueSpecification\",\"valueRequired\":true,\"valueName\":\"search_term_string\"}}],\"inLanguage\":\"gl-ES\"}]}<\/script>\n<!-- \/ Yoast SEO plugin. -->","yoast_head_json":{"title":"Servicios - Limpiezas Corz\u00f3n","description":"Somos la soluci\u00f3n a tus problemas, limpiamos tu casa, comunidad, negocio, garajes, te ayudamos en cualquier cosa que necesites.","robots":{"index":"index","follow":"follow","max-snippet":"max-snippet:-1","max-image-preview":"max-image-preview:large","max-video-preview":"max-video-preview:-1"},"canonical":"https:\/\/limpiezascorzon.es\/gl\/servicios\/","og_locale":"gl_ES","og_type":"article","og_title":"Servicios - Limpiezas Corz\u00f3n","og_description":"Somos la soluci\u00f3n a tus problemas, limpiamos tu casa, comunidad, negocio, garajes, te ayudamos en cualquier cosa que necesites.","og_url":"https:\/\/limpiezascorzon.es\/gl\/servicios\/","og_site_name":"Limpiezas Corz\u00f3n","article_modified_time":"2025-01-20T17:43:01+00:00","og_image":[{"width":287,"height":182,"url":"https:\/\/limpiezascorzon.es\/wp-content\/uploads\/2024\/12\/logo_1.png","type":"image\/png"}],"twitter_card":"summary_large_image","twitter_misc":{"Tempo de lectura":"1 minuto"},"schema":{"@context":"https:\/\/schema.org","@graph":[{"@type":"WebPage","@id":"https:\/\/limpiezascorzon.es\/servicios\/","url":"https:\/\/limpiezascorzon.es\/servicios\/","name":"Servicios - Limpiezas Corz\u00f3n","isPartOf":{"@id":"https:\/\/limpiezascorzon.es\/#website"},"primaryImageOfPage":{"@id":"https:\/\/limpiezascorzon.es\/servicios\/#primaryimage"},"image":{"@id":"https:\/\/limpiezascorzon.es\/servicios\/#primaryimage"},"thumbnailUrl":"https:\/\/limpiezascorzon.es\/wp-content\/uploads\/2024\/12\/logo_1.png","datePublished":"2023-09-27T17:12:07+00:00","dateModified":"2025-01-20T17:43:01+00:00","description":"Somos la soluci\u00f3n a tus problemas, limpiamos tu casa, comunidad, negocio, garajes, te ayudamos en cualquier cosa que necesites.","breadcrumb":{"@id":"https:\/\/limpiezascorzon.es\/servicios\/#breadcrumb"},"inLanguage":"gl-ES","potentialAction":[{"@type":"ReadAction","target":["https:\/\/limpiezascorzon.es\/servicios\/"]}]},{"@type":"ImageObject","inLanguage":"gl-ES","@id":"https:\/\/limpiezascorzon.es\/servicios\/#primaryimage","url":"https:\/\/limpiezascorzon.es\/wp-content\/uploads\/2024\/12\/logo_1.png","contentUrl":"https:\/\/limpiezascorzon.es\/wp-content\/uploads\/2024\/12\/logo_1.png","width":287,"height":182},{"@type":"BreadcrumbList","@id":"https:\/\/limpiezascorzon.es\/servicios\/#breadcrumb","itemListElement":[{"@type":"ListItem","position":1,"name":"Portada","item":"https:\/\/limpiezascorzon.es\/"},{"@type":"ListItem","position":2,"name":"Servicios"}]},{"@type":"WebSite","@id":"https:\/\/limpiezascorzon.es\/#website","url":"https:\/\/limpiezascorzon.es\/","name":"Limpiezas Corz\u00f3n","description":"Limpiezas Corz\u00f3n","potentialAction":[{"@type":"SearchAction","target":{"@type":"EntryPoint","urlTemplate":"https:\/\/limpiezascorzon.es\/?s={search_term_string}"},"query-input":{"@type":"PropertyValueSpecification","valueRequired":true,"valueName":"search_term_string"}}],"inLanguage":"gl-ES"}]}},"_links":{"self":[{"href":"https:\/\/limpiezascorzon.es\/gl\/wp-json\/wp\/v2\/pages\/4285","targetHints":{"allow":["GET"]}}],"collection":[{"href":"https:\/\/limpiezascorzon.es\/gl\/wp-json\/wp\/v2\/pages"}],"about":[{"href":"https:\/\/limpiezascorzon.es\/gl\/wp-json\/wp\/v2\/types\/page"}],"author":[{"embeddable":true,"href":"https:\/\/limpiezascorzon.es\/gl\/wp-json\/wp\/v2\/users\/1"}],"replies":[{"embeddable":true,"href":"https:\/\/limpiezascorzon.es\/gl\/wp-json\/wp\/v2\/comments?post=4285"}],"version-history":[{"count":44,"href":"https:\/\/limpiezascorzon.es\/gl\/wp-json\/wp\/v2\/pages\/4285\/revisions"}],"predecessor-version":[{"id":4820,"href":"https:\/\/limpiezascorzon.es\/gl\/wp-json\/wp\/v2\/pages\/4285\/revisions\/4820"}],"wp:featuredmedia":[{"embeddable":true,"href":"https:\/\/limpiezascorzon.es\/gl\/wp-json\/wp\/v2\/media\/4808"}],"wp:attachment":[{"href":"https:\/\/limpiezascorzon.es\/gl\/wp-json\/wp\/v2\/media?parent=4285"}],"curies":[{"name":"wp","href":"https:\/\/api.w.org\/{rel}","templated":true}]}}